{"id":81,"date":"2022-08-15T19:19:50","date_gmt":"2022-08-15T19:19:50","guid":{"rendered":"https:\/\/auszeit-gerolzhofen.de\/index.php\/ueber-uns\/"},"modified":"2026-03-31T13:23:11","modified_gmt":"2026-03-31T13:23:11","slug":"ueber-uns","status":"publish","type":"page","link":"https:\/\/auszeit-gerolzhofen.de\/?page_id=81","title":{"rendered":"\u00dcber uns"},"content":{"rendered":"\n    \n    <section class=\"u-clearfix u-valign-middle u-section-2\" id=\"carousel_ceac\">\n      <div class=\"data-layout-selected u-clearfix u-expanded-width u-layout-wrap u-layout-wrap-1\">\n        <div class=\"u-layout\">\n          <div class=\"u-layout-row\">\n            <div class=\"u-align-center u-container-align-center u-container-style u-layout-cell u-palette-4-dark-1 u-size-26-md u-size-26-sm u-size-26-xs u-size-30-lg u-size-30-xl u-layout-cell-1\">\n              <div class=\"u-container-layout u-valign-bottom-lg u-valign-top-xl u-container-layout-1\">\n                <img decoding=\"async\" class=\"u-expanded-width-md u-expanded-width-xl u-image u-image-default u-image-1\" src=\"https:\/\/auszeit-gerolzhofen.de\/wp-content\/uploads\/2022\/08\/Auszeit_01.jpg\" alt=\"\" data-image-width=\"1600\" data-image-height=\"1200\">\n              <\/div>\n            <\/div>\n            <div class=\"u-container-style u-layout-cell u-palette-4-dark-1 u-size-30-lg u-size-30-xl u-size-34-md u-size-34-sm u-size-34-xs u-layout-cell-2\">\n              <div class=\"u-container-layout u-container-layout-2\">\n                <h3 class=\"u-custom-font u-font-merriweather u-text u-text-1\">\u00dcber uns<span style=\"font-weight: 400;\"><span style=\"font-weight: 700;\"><\/span><\/span>\n                <\/h3>\n                <p class=\"u-text u-text-2\"> Wir lieben den Umgang mit den\nMenschen und der M\u00f6glichkeit durch unsere T\u00e4tigkeit helfen zu d\u00fcrfen.\n&nbsp;\nWas gibt es Sch\u00f6neres?&nbsp; &nbsp;&nbsp;<br>\n                  <br>Wir m\u00f6chten Dich zu Deiner\npers\u00f6nlichen Auszeit einladen und freuen uns auf dein Kennenlernen.&nbsp;<br>\n                  <br>&nbsp; &nbsp;<br>\n                <\/p>\n                <h4 class=\"u-custom-font u-text u-text-3\"> Louis Karbacher<br> und das gesamte AUSZEIT-Team&nbsp; &nbsp;&nbsp; \n                <\/h4>\n              <\/div>\n            <\/div>\n          <\/div>\n        <\/div>\n      <\/div>\n    <\/section>\n    <section class=\"u-align-center u-clearfix u-container-align-center u-palette-4-light-1 u-section-3\" id=\"sec-58dd\">\n      <div class=\"u-clearfix u-sheet u-sheet-1\">\n        <h2 class=\"u-text u-text-custom-color-1 u-text-1\">Team<\/h2>\n        <p class=\"u-text u-text-custom-color-1 u-text-2\"> Wir sind ein kleines, aber hochmotiviertes und qualifiziertes Team, das es sich zur Aufgabe gemacht hat stets die Gesundheit und Zufriedenheit unserer Kunden vor Augen zu haben.&nbsp;<br>\n        <\/p>\n        <div class=\"u-accordion u-collapsed-by-default u-spacing-15 u-accordion-1\" role=\"tablist\">\n          <div class=\"u-accordion-item u-accordion-item-1\">\n            <a class=\"u-accordion-link u-active-palette-4-dark-1 u-border-2 u-border-palette-4-light-3 u-button-style u-hover-palette-4-light-3 u-palette-4-light-2 u-text-active-white u-text-hover-palette-4-dark-1 u-text-palette-4-dark-1 u-accordion-link-1\" id=\"link-a41c\" aria-controls=\"a41c\" aria-selected=\"false\" role=\"tab\"><span class=\"u-accordion-link-text\">LOUIS<\/span><span class=\"u-accordion-link-icon u-icon u-text-active-palette-1-base u-text-custom-color-3 u-text-hover-palette-1-base u-icon-1\"><svg class=\"u-svg-link\" preserveAspectRatio=\"xMidYMin slice\" viewBox=\"0 0 16 16\" style=\"\"><use xmlns:xlink=\"http:\/\/www.w3.org\/1999\/xlink\" xlink:href=\"#svg-92a0\"><\/use><\/svg><svg class=\"u-svg-content\" viewBox=\"0 0 16 16\" x=\"0px\" y=\"0px\" id=\"svg-92a0\"><path d=\"M8,10.7L1.6,5.3c-0.4-0.4-1-0.4-1.3,0c-0.4,0.4-0.4,0.9,0,1.3l7.2,6.1c0.1,0.1,0.4,0.2,0.6,0.2s0.4-0.1,0.6-0.2l7.1-6\n\tc0.4-0.4,0.4-0.9,0-1.3c-0.4-0.4-1-0.4-1.3,0L8,10.7z\"><\/path><\/svg><\/span>\n            <\/a>\n            <div class=\"u-accordion-pane u-container-style u-white u-accordion-pane-1\" id=\"a41c\" aria-labelledby=\"link-a41c\" role=\"tabpanel\">\n              <div class=\"u-container-layout u-container-layout-1\">\n                <div class=\"data-layout-selected u-clearfix u-expanded-width u-layout-wrap u-layout-wrap-1\">\n                  <div class=\"u-layout\">\n                    <div class=\"u-layout-row\">\n                      <div class=\"u-container-style u-layout-cell u-size-30 u-layout-cell-1\">\n                        <div class=\"u-container-layout u-valign-top u-container-layout-2\"><\/div>\n                      <\/div>\n                      <div class=\"u-align-center u-container-style u-layout-cell u-size-30 u-layout-cell-2\">\n                        <div class=\"u-container-layout u-container-layout-3\"><\/div>\n                      <\/div>\n                    <\/div>\n                  <\/div>\n                <\/div>\n                <div class=\"data-layout-selected u-clearfix u-gutter-10 u-layout-wrap u-layout-wrap-2\">\n                  <div class=\"u-layout\">\n                    <div class=\"u-layout-row\">\n                      <div class=\"u-container-style u-layout-cell u-size-30 u-layout-cell-3\">\n                        <div class=\"u-container-layout u-container-layout-4\"><\/div>\n                      <\/div>\n                      <div class=\"u-container-style u-layout-cell u-size-30 u-layout-cell-4\">\n                        <div class=\"u-container-layout u-container-layout-5\"><\/div>\n                      <\/div>\n                    <\/div>\n                  <\/div>\n                <\/div>\n                <img decoding=\"async\" class=\"u-expanded-width u-image u-image-default u-preserve-proportions u-image-1\" src=\"https:\/\/auszeit-gerolzhofen.de\/wp-content\/uploads\/2026\/03\/BeigeWeiBraunMinimalistischStilvollVorstellungBloggerRahmenInstagramPost.png\" alt=\"\" data-image-width=\"1080\" data-image-height=\"1080\">\n              <\/div>\n            <\/div>\n          <\/div>\n          <div class=\"u-accordion-item u-accordion-item-2\">\n            <a class=\"u-accordion-link u-active-palette-4-dark-1 u-border-2 u-border-palette-4-light-3 u-button-style u-hover-palette-4-light-3 u-palette-4-light-2 u-text-active-white u-text-hover-palette-4-dark-1 u-text-palette-4-dark-1 u-accordion-link-2\" id=\"link-a41c\" aria-controls=\"a41c\" aria-selected=\"false\" role=\"tab\"><span class=\"u-accordion-link-text\">SABRINA<\/span><span class=\"u-accordion-link-icon u-icon u-text-active-palette-1-base u-text-custom-color-3 u-text-hover-palette-1-base u-icon-2\"><svg class=\"u-svg-link\" preserveAspectRatio=\"xMidYMin slice\" viewBox=\"0 0 16 16\" style=\"\"><use xmlns:xlink=\"http:\/\/www.w3.org\/1999\/xlink\" xlink:href=\"#svg-7154\"><\/use><\/svg><svg class=\"u-svg-content\" viewBox=\"0 0 16 16\" x=\"0px\" y=\"0px\" id=\"svg-7154\"><path d=\"M8,10.7L1.6,5.3c-0.4-0.4-1-0.4-1.3,0c-0.4,0.4-0.4,0.9,0,1.3l7.2,6.1c0.1,0.1,0.4,0.2,0.6,0.2s0.4-0.1,0.6-0.2l7.1-6\n\tc0.4-0.4,0.4-0.9,0-1.3c-0.4-0.4-1-0.4-1.3,0L8,10.7z\"><\/path><\/svg><\/span>\n            <\/a>\n            <div class=\"u-accordion-pane u-container-style u-white u-accordion-pane-2\" id=\"a41c\" aria-labelledby=\"link-a41c\" role=\"tabpanel\">\n              <div class=\"u-container-layout u-container-layout-6\">\n                <div class=\"u-clearfix u-gutter-10 u-layout-wrap u-layout-wrap-3\">\n                  <div class=\"u-layout\">\n                    <div class=\"u-layout-row\">\n                      <div class=\"u-align-left u-container-align-left u-container-style u-layout-cell u-size-30 u-layout-cell-5\">\n                        <div class=\"u-container-layout u-valign-top u-container-layout-7\">\n                          <div class=\"u-flip-horizontal u-image u-image-circle u-image-2\" alt=\"\" data-image-width=\"960\" data-image-height=\"720\" style=\"background-image: url(&quot;https:\/\/auszeit-gerolzhofen.de\/wp-content\/uploads\/2022\/08\/IMG_2043-rotated.jpg&quot;);\"><\/div>\n                        <\/div>\n                      <\/div>\n                      <div class=\"u-container-style u-layout-cell u-size-30 u-layout-cell-6\">\n                        <div class=\"u-container-layout u-valign-middle u-container-layout-8\">\n                          <blockquote class=\"u-align-center u-text u-text-3\"> \"Wer die kleinen Dinge im Leben sch\u00e4tzt,&nbsp;hat den wahren Weg zum Gl\u00fcck gefunden\u201c&nbsp;<\/blockquote>\n                        <\/div>\n                      <\/div>\n                    <\/div>\n                  <\/div>\n                <\/div>\n                <div class=\"u-clearfix u-layout-wrap u-layout-wrap-4\">\n                  <div class=\"u-layout\">\n                    <div class=\"u-layout-row\">\n                      <div class=\"u-container-style u-layout-cell u-size-30 u-layout-cell-7\">\n                        <div class=\"u-container-layout u-valign-top u-container-layout-9\">\n                          <p class=\"u-text u-text-palette-2-dark-2 u-text-4\"> Mein Einstieg in die Fitness- und Gesundheitsbranche begann 2005, mit der Ausbildung zur Sport- und Fitnesskauffrau. Seitdem bin ich als Kursleiterin f\u00fcr R\u00fcckenfit aktiv.&nbsp;Durch mein eigenes, regelm\u00e4\u00dfiges Training habe ich ein so positives K\u00f6rpergef\u00fchl gewonnen, welches ich in meinen Kursen den Teilnehmern vermitteln m\u00f6chte.&nbsp;Daher habe ich es mir zur Aufgabe gemacht, Menschen f\u00fcr Bewegung zu begeistern.&nbsp;Dabei geht es vielmehr um Beweglichkeit und Stabilit\u00e4t, damit man den Alltag leichter bew\u00e4ltigen kann.&nbsp;Im Kurs R\u00fcckenfit m\u00f6chte ich den Menschen zeigen, wie durch einfache \u00dcbungen und Bewegungen eine positive Wirkung auf unser gesamtes Empfinden entsteht.<\/p>\n                        <\/div>\n                      <\/div>\n                      <div class=\"u-container-style u-layout-cell u-size-30 u-layout-cell-8\">\n                        <div class=\"u-container-layout u-valign-top u-container-layout-10\">\n                          <h4 class=\"u-text u-text-default u-text-palette-2-dark-2 u-text-5\"> Meine Qualifikationen:<\/h4>\n                          <ul class=\"u-text u-text-default u-text-6\">\n                            <li><span class=\"u-text-palette-2-dark-2\"><\/span>Ausgebildete Sport-und Fitnesskauffrau \n                            <\/li>\n                            <li> Fitnessstrainer B-Lizenz&nbsp; BSA Akademie <\/li>\n                            <li> Rehasport Trainerin Orthop\u00e4die<\/li>\n                          <\/ul>\n                        <\/div>\n                      <\/div>\n                    <\/div>\n                  <\/div>\n                <\/div>\n              <\/div>\n            <\/div>\n          <\/div>\n          <div class=\"u-accordion-item u-accordion-item-3\">\n            <a class=\"u-accordion-link u-active-palette-4-dark-1 u-border-2 u-border-palette-4-light-3 u-button-style u-hover-palette-4-light-3 u-palette-4-light-2 u-text-active-white u-text-hover-palette-4-dark-1 u-text-palette-4-dark-1 u-accordion-link-3\" id=\"link-a41c\" aria-controls=\"a41c\" aria-selected=\"false\" role=\"tab\"><span class=\"u-accordion-link-text\">RITA<\/span><span class=\"u-accordion-link-icon u-icon u-text-active-palette-1-base u-text-custom-color-3 u-text-hover-palette-1-base u-icon-3\"><svg class=\"u-svg-link\" preserveAspectRatio=\"xMidYMin slice\" viewBox=\"0 0 16 16\" style=\"\"><use xmlns:xlink=\"http:\/\/www.w3.org\/1999\/xlink\" xlink:href=\"#svg-14c2\"><\/use><\/svg><svg class=\"u-svg-content\" viewBox=\"0 0 16 16\" x=\"0px\" y=\"0px\" id=\"svg-14c2\"><path d=\"M8,10.7L1.6,5.3c-0.4-0.4-1-0.4-1.3,0c-0.4,0.4-0.4,0.9,0,1.3l7.2,6.1c0.1,0.1,0.4,0.2,0.6,0.2s0.4-0.1,0.6-0.2l7.1-6\n\tc0.4-0.4,0.4-0.9,0-1.3c-0.4-0.4-1-0.4-1.3,0L8,10.7z\"><\/path><\/svg><\/span>\n            <\/a>\n            <div class=\"u-accordion-pane u-container-style u-white u-accordion-pane-3\" id=\"a41c\" aria-labelledby=\"link-a41c\" role=\"tabpanel\">\n              <div class=\"u-container-layout u-container-layout-11\">\n                <div class=\"u-clearfix u-gutter-10 u-layout-wrap u-layout-wrap-5\">\n                  <div class=\"u-layout\">\n                    <div class=\"u-layout-row\">\n                      <div class=\"u-align-left u-container-align-left u-container-style u-layout-cell u-size-30 u-layout-cell-9\">\n                        <div class=\"u-container-layout u-valign-top u-container-layout-12\">\n                          <div class=\"u-image u-image-circle u-image-3\" alt=\"\" data-image-width=\"720\" data-image-height=\"1280\" style=\"background-image: url(&quot;https:\/\/auszeit-gerolzhofen.de\/wp-content\/uploads\/2022\/08\/WhatsAppImage2022-08-04at18.58.59.jpeg&quot;);\"><\/div>\n                        <\/div>\n                      <\/div>\n                      <div class=\"u-container-style u-layout-cell u-size-30 u-layout-cell-10\">\n                        <div class=\"u-container-layout u-valign-middle u-container-layout-13\">\n                          <blockquote class=\"u-align-center u-text u-text-7\"> \u201e\u200bDein Leben ist so BUNT,&nbsp;wie du dich traust es AUSZUMALEN\u201c&nbsp;<\/blockquote>\n                        <\/div>\n                      <\/div>\n                    <\/div>\n                  <\/div>\n                <\/div>\n                <div class=\"u-clearfix u-layout-wrap u-layout-wrap-6\">\n                  <div class=\"u-layout\">\n                    <div class=\"u-layout-row\">\n                      <div class=\"u-container-style u-layout-cell u-size-30 u-layout-cell-11\">\n                        <div class=\"u-container-layout u-container-layout-14\">\n                          <p class=\"u-text u-text-palette-2-dark-2 u-text-8\"><!--\n \/* Font Definitions *\/\n@font-face\n\t{font-family:\"Cambria Math\";\n\tpanose-1:2 4 5 3 5 4 6 3 2 4;\n\tmso-font-charset:1;\n\tmso-generic-font-family:roman;\n\tmso-font-format:other;\n\tmso-font-pitch:variable;\n\tmso-font-signature:0 0 0 0 0 0;}\n@font-face\n\t{font-family:Calibri;\n\tpanose-1:2 15 5 2 2 2 4 3 2 4;\n\tmso-font-alt:Arial;\n\tmso-font-charset:0;\n\tmso-generic-font-family:roman;\n\tmso-font-format:other;\n\tmso-font-pitch:auto;\n\tmso-font-signature:0 0 0 0 0 0;}\n \/* Style Definitions *\/\np.MsoNormal, li.MsoNormal, div.MsoNormal\n\t{mso-style-unhide:no;\n\tmso-style-qformat:yes;\n\tmso-style-parent:\"\";\n\tmargin-top:0cm;\n\tmargin-right:0cm;\n\tmargin-bottom:8.0pt;\n\tmargin-left:0cm;\n\tline-height:107%;\n\tmso-pagination:widow-orphan;\n\tfont-size:11.0pt;\n\tfont-family:\"Calibri\",\"serif\";\n\tmso-ascii-font-family:Calibri;\n\tmso-ascii-theme-font:minor-latin;\n\tmso-fareast-font-family:Calibri;\n\tmso-fareast-theme-font:minor-latin;\n\tmso-hansi-font-family:Calibri;\n\tmso-hansi-theme-font:minor-latin;\n\tmso-bidi-font-family:\"Times New Roman\";\n\tmso-bidi-theme-font:minor-bidi;\n\tmso-fareast-language:EN-US;}\n.MsoChpDefault\n\t{mso-style-type:export-only;\n\tmso-default-props:yes;\n\tfont-size:11.0pt;\n\tmso-ansi-font-size:11.0pt;\n\tmso-bidi-font-size:11.0pt;\n\tfont-family:\"Calibri\",\"serif\";\n\tmso-ascii-font-family:Calibri;\n\tmso-ascii-theme-font:minor-latin;\n\tmso-fareast-font-family:Calibri;\n\tmso-fareast-theme-font:minor-latin;\n\tmso-hansi-font-family:Calibri;\n\tmso-hansi-theme-font:minor-latin;\n\tmso-bidi-font-family:\"Times New Roman\";\n\tmso-bidi-theme-font:minor-bidi;\n\tmso-fareast-language:EN-US;}\n.MsoPapDefault\n\t{mso-style-type:export-only;\n\tmargin-bottom:8.0pt;\n\tline-height:107%;}\n@page WordSection1\n\t{size:612.0pt 792.0pt;\n\tmargin:70.85pt 70.85pt 2.0cm 70.85pt;\n\tmso-header-margin:36.0pt;\n\tmso-footer-margin:36.0pt;\n\tmso-paper-source:0;}\ndiv.WordSection1\n\t{page:WordSection1;}\n--> Alles fing damit an, als ich beim Kinderturnen eine\n\u00dcbungsleiterin regelm\u00e4\u00dfig unterst\u00fctzte. Zu sehen wie Kinder durch das Turnen ein\nbesseres K\u00f6rpergef\u00fchl entwickelten und dadurch Selbstbewusster wurden, gab mir\nden Impuls selbst eine Ausbildung zum \u00dcbungsleiter zu absolvieren. Bis zum\nheutigen Zeitpunkt verbringe ich meine Zeit gerne damit, Kinder und Jugendliche\nim Bereich Bewegung zu f\u00f6rdern. Parallel dazu wurde mir eine Ausbildung zur\nRehasport-Trainerin angeboten. Als Rentnerin fand ich den Gedanken mit\nGleichgesinnten und Gleichaltrigen Sport zu treiben, positiv und entschied\nmich, trotz meines Alters f\u00fcr diese Ausbildung.&nbsp;&nbsp;<br>\n                            <br>Seitdem unterrichte ich regelm\u00e4\u00dfig Rehasport und halte\nmich dadurch ebenfalls mobil und fit.&nbsp; \n                          <\/p>\n                        <\/div>\n                      <\/div>\n                      <div class=\"u-container-style u-layout-cell u-size-30 u-layout-cell-12\">\n                        <div class=\"u-container-layout u-valign-top u-container-layout-15\">\n                          <h4 class=\"u-text u-text-default u-text-palette-2-dark-2 u-text-9\"> Meine Qualifikationen:<\/h4>\n                          <ul class=\"u-text u-text-default u-text-10\">\n                            <li><span class=\"u-text-palette-2-dark-2\"><\/span>\u00dcbungsleiterin Rehasport Orthop\u00e4die&nbsp; \n                            <\/li>\n                            <li> \u00dcbungsleiterin Breitensport f\u00fcr Senioren&nbsp;<br>\n                            <\/li>\n                            <li> &nbsp;B-Lizenz Pr\u00e4vention Haltung\/Bewegung&nbsp; <\/li>\n                            <li> &nbsp;B-Lizenz Herz\/Kreislauf&nbsp; <\/li>\n                            <li> \u00dcbungsleiterin Kinder \/Jugendliche <\/li>\n                          <\/ul>\n                        <\/div>\n                      <\/div>\n                    <\/div>\n                  <\/div>\n                <\/div>\n              <\/div>\n            <\/div>\n          <\/div>\n          <div class=\"u-accordion-item u-accordion-item-4\">\n            <a class=\"u-accordion-link u-active-palette-4-dark-1 u-border-2 u-border-palette-4-light-3 u-button-style u-hover-palette-4-light-3 u-palette-4-light-2 u-text-active-white u-text-hover-palette-4-dark-1 u-text-palette-4-dark-1 u-accordion-link-4\" id=\"link-a41c\" aria-controls=\"a41c\" aria-selected=\"false\" role=\"tab\"><span class=\"u-accordion-link-text\">CRISTINA<\/span><span class=\"u-accordion-link-icon u-icon u-text-active-palette-1-base u-text-custom-color-3 u-text-hover-palette-1-base u-icon-4\"><svg class=\"u-svg-link\" preserveAspectRatio=\"xMidYMin slice\" viewBox=\"0 0 16 16\" style=\"\"><use xmlns:xlink=\"http:\/\/www.w3.org\/1999\/xlink\" xlink:href=\"#svg-4d15\"><\/use><\/svg><svg class=\"u-svg-content\" viewBox=\"0 0 16 16\" x=\"0px\" y=\"0px\" id=\"svg-4d15\"><path d=\"M8,10.7L1.6,5.3c-0.4-0.4-1-0.4-1.3,0c-0.4,0.4-0.4,0.9,0,1.3l7.2,6.1c0.1,0.1,0.4,0.2,0.6,0.2s0.4-0.1,0.6-0.2l7.1-6\n\tc0.4-0.4,0.4-0.9,0-1.3c-0.4-0.4-1-0.4-1.3,0L8,10.7z\"><\/path><\/svg><\/span>\n            <\/a>\n            <div class=\"u-accordion-pane u-container-style u-white u-accordion-pane-4\" id=\"a41c\" aria-labelledby=\"link-a41c\" role=\"tabpanel\">\n              <div class=\"u-container-layout u-container-layout-16\">\n                <div class=\"u-clearfix u-gutter-10 u-layout-wrap u-layout-wrap-7\">\n                  <div class=\"u-layout\">\n                    <div class=\"u-layout-row\">\n                      <div class=\"u-align-left u-container-align-left u-container-style u-layout-cell u-size-30 u-layout-cell-13\">\n                        <div class=\"u-container-layout u-valign-middle u-container-layout-17\">\n                          <div class=\"u-image u-image-circle u-image-4\" alt=\"\" data-image-width=\"2008\" data-image-height=\"2210\" style=\"background-image: url(&quot;https:\/\/auszeit-gerolzhofen.de\/wp-content\/uploads\/2024\/03\/IMG_9515bearbeitet-2.jpg&quot;);\"><\/div>\n                        <\/div>\n                      <\/div>\n                      <div class=\"u-container-style u-layout-cell u-size-30 u-layout-cell-14\">\n                        <div class=\"u-container-layout u-valign-middle u-container-layout-18\">\n                          <blockquote class=\"u-align-center u-text u-text-11\"> \u201e\u200bWas w\u00e4re das Leben, h\u00e4tten wir nicht den Mut, etwas zu riskieren?&nbsp;<\/blockquote>\n                        <\/div>\n                      <\/div>\n                    <\/div>\n                  <\/div>\n                <\/div>\n                <div class=\"u-clearfix u-layout-wrap u-layout-wrap-8\">\n                  <div class=\"u-layout\">\n                    <div class=\"u-layout-row\">\n                      <div class=\"u-container-style u-layout-cell u-size-30 u-layout-cell-15\">\n                        <div class=\"u-container-layout u-container-layout-19\">\n                          <p class=\"u-text u-text-palette-2-dark-2 u-text-12\">Ich bin Spanierin, die aus&nbsp; beruflichen Gr\u00fcnden von Barcelona&nbsp; in Gerolzhofen, gelandet ist.<br> Ich arbeitete bis zur Geburt meines Sohnes 11\/2023 als Angestellte in einer Physiotherapiepraxis und bin unter anderem die therapeutische Betreuerin des FC Gerolzhofen. Seit 01\/2024 bin ich Freiberuflich t\u00e4tig.<br>\n                            <br>Die Kombination Physiotherapeutin und \u00dcbungsleiterin f\u00fcr Rehasport&nbsp; erlauben es mir, anderen Menschen zu helfen und sie zu ermutigen wieder in ihre eigene Kraft und Verantwortung zu kommen.&nbsp; &nbsp; &nbsp; &nbsp; &nbsp; &nbsp; &nbsp; &nbsp; &nbsp; &nbsp; &nbsp; &nbsp; &nbsp; &nbsp;&nbsp;\n                          <\/p>\n                        <\/div>\n                      <\/div>\n                      <div class=\"u-container-style u-layout-cell u-size-30 u-layout-cell-16\">\n                        <div class=\"u-container-layout u-valign-top u-container-layout-20\">\n                          <h4 class=\"u-text u-text-default u-text-palette-2-dark-2 u-text-13\"> Meine Qualifikationen:<\/h4>\n                          <ul class=\"u-text u-text-default u-text-14\">\n                            <li><span class=\"u-text-palette-2-dark-2\"><\/span>Physiotherapeutin seit 2014&nbsp; &nbsp; &nbsp; &nbsp; &nbsp; &nbsp; &nbsp; &nbsp; &nbsp; &nbsp; &nbsp; &nbsp; &nbsp; &nbsp; &nbsp;&nbsp;\n                            <\/li>\n                            <li> Yogalehrerin seit 3\/2023<br>\n                            <\/li>\n                            <li> B-Lizenz \u00dcbungsleiterin f\u00fcr Rehasport Orthop\u00e4die 9\/2023<\/li>\n                          <\/ul>\n                        <\/div>\n                      <\/div>\n                    <\/div>\n                  <\/div>\n                <\/div>\n              <\/div>\n            <\/div>\n          <\/div>\n        <\/div>\n      <\/div>\n    <\/section>\n    \n    \n    \n  \n","protected":false},"excerpt":{"rendered":"<p>\u00dcber uns Wir lieben den Umgang mit den Menschen und der M\u00f6glichkeit durch unsere T\u00e4tigkeit helfen zu d\u00fcrfen. &nbsp; Was gibt es Sch\u00f6neres?&nbsp; &nbsp;&nbsp; Wir m\u00f6chten Dich zu Deiner pers\u00f6nlichen Auszeit einladen und freuen uns auf dein Kennenlernen.&nbsp; &nbsp; &nbsp; Louis Karbacher und das gesamte AUSZEIT-Team&nbsp; &nbsp;&nbsp; Team Wir sind ein kleines, aber hochmotiviertes und &hellip; <a href=\"https:\/\/auszeit-gerolzhofen.de\/?page_id=81\" class=\"more-link\">Continue reading<span class=\"screen-reader-text\"> &#8222;\u00dcber uns&#8220;<\/span><\/a><\/p>\n","protected":false},"author":1,"featured_media":0,"parent":0,"menu_order":10,"comment_status":"closed","ping_status":"closed","template":"","meta":{"footnotes":""},"class_list":["post-81","page","type-page","status-publish","hentry"],"_links":{"self":[{"href":"https:\/\/auszeit-gerolzhofen.de\/index.php?rest_route=\/wp\/v2\/pages\/81","targetHints":{"allow":["GET"]}}],"collection":[{"href":"https:\/\/auszeit-gerolzhofen.de\/index.php?rest_route=\/wp\/v2\/pages"}],"about":[{"href":"https:\/\/auszeit-gerolzhofen.de\/index.php?rest_route=\/wp\/v2\/types\/page"}],"author":[{"embeddable":true,"href":"https:\/\/auszeit-gerolzhofen.de\/index.php?rest_route=\/wp\/v2\/users\/1"}],"replies":[{"embeddable":true,"href":"https:\/\/auszeit-gerolzhofen.de\/index.php?rest_route=%2Fwp%2Fv2%2Fcomments&post=81"}],"version-history":[{"count":10,"href":"https:\/\/auszeit-gerolzhofen.de\/index.php?rest_route=\/wp\/v2\/pages\/81\/revisions"}],"predecessor-version":[{"id":428,"href":"https:\/\/auszeit-gerolzhofen.de\/index.php?rest_route=\/wp\/v2\/pages\/81\/revisions\/428"}],"wp:attachment":[{"href":"https:\/\/auszeit-gerolzhofen.de\/index.php?rest_route=%2Fwp%2Fv2%2Fmedia&parent=81"}],"curies":[{"name":"wp","href":"https:\/\/api.w.org\/{rel}","templated":true}]}}