{"id":74,"date":"2022-08-15T19:19:43","date_gmt":"2022-08-15T19:19:43","guid":{"rendered":"https:\/\/auszeit-gerolzhofen.de\/index.php\/raeume\/"},"modified":"2023-09-05T11:16:38","modified_gmt":"2023-09-05T11:16:38","slug":"raeume","status":"publish","type":"page","link":"https:\/\/auszeit-gerolzhofen.de\/?page_id=74","title":{"rendered":"R\u00e4ume"},"content":{"rendered":"\n    \n    <section class=\"u-clearfix u-palette-2-light-2 u-section-2\" id=\"carousel_049d\">\n      <div class=\"u-clearfix u-sheet u-valign-middle-xs u-sheet-1\">\n        <div class=\"u-clearfix u-expanded-width u-gutter-12 u-layout-wrap u-layout-wrap-1\">\n          <div class=\"u-layout\">\n            <div class=\"u-layout-row\">\n              <div class=\"u-size-20 u-size-60-md\">\n                <div class=\"u-layout-col\">\n                  <div class=\"u-align-left u-container-style u-layout-cell u-shape-rectangle u-size-60 u-layout-cell-1\">\n                    <div class=\"u-container-layout u-valign-middle-lg u-valign-middle-md u-valign-middle-sm u-valign-middle-xs u-container-layout-1\">\n                      <h1 class=\"u-text u-text-palette-2-dark-2 u-title u-text-1\">Auszeit - R\u00e4ume<\/h1>\n                    <\/div>\n                  <\/div>\n                <\/div>\n              <\/div>\n              <div class=\"u-size-40 u-size-60-md\">\n                <div class=\"u-layout-col\">\n                  <div class=\"u-size-20\">\n                    <div class=\"u-layout-row\">\n                      <div class=\"u-container-style u-image u-layout-cell u-size-30 u-image-1\" data-image-width=\"2560\" data-image-height=\"1920\" style=\"background-image: url(&quot;https:\/\/auszeit-gerolzhofen.de\/wp-content\/uploads\/2022\/08\/IMG_8214-scaled.jpg&quot;);\">\n                        <div class=\"u-container-layout u-container-layout-2\"><\/div>\n                      <\/div>\n                      <div class=\"u-container-style u-image u-layout-cell u-size-30 u-image-2\" data-image-width=\"1600\" data-image-height=\"1067\" style=\"background-image: url(&quot;https:\/\/auszeit-gerolzhofen.de\/wp-content\/uploads\/2022\/08\/Auszeit-Eroffnung_261.jpg&quot;);\">\n                        <div class=\"u-container-layout u-container-layout-3\"><\/div>\n                      <\/div>\n                    <\/div>\n                  <\/div>\n                  <div class=\"u-size-40\">\n                    <div class=\"u-layout-row\">\n                      <div class=\"u-size-30\">\n                        <div class=\"u-layout-col\">\n                          <div class=\"u-container-style u-hidden-sm u-hidden-xs u-image u-layout-cell u-size-60 u-image-3\" data-image-width=\"1182\" data-image-height=\"1600\" style=\"background-image: url(&quot;https:\/\/auszeit-gerolzhofen.de\/wp-content\/uploads\/2022\/08\/Auszeit_08.jpg&quot;);\">\n                            <div class=\"u-container-layout u-container-layout-4\"><\/div>\n                          <\/div>\n                        <\/div>\n                      <\/div>\n                      <div class=\"u-size-30\">\n                        <div class=\"u-layout-col\">\n                          <div class=\"u-container-style u-image u-layout-cell u-size-30 u-image-4\" data-image-width=\"1599\" data-image-height=\"899\" style=\"background-image: url(&quot;https:\/\/auszeit-gerolzhofen.de\/wp-content\/uploads\/2022\/08\/20157719_837150679794705_6147625619491113908_o.jpg&quot;);\">\n                            <div class=\"u-container-layout u-container-layout-5\"><\/div>\n                          <\/div>\n                          <div class=\"u-container-style u-image u-layout-cell u-size-30 u-image-5\" data-image-width=\"1600\" data-image-height=\"907\" style=\"background-image: url(&quot;https:\/\/auszeit-gerolzhofen.de\/wp-content\/uploads\/2022\/08\/IMG_0494.jpg&quot;);\">\n                            <div class=\"u-container-layout u-container-layout-6\"><\/div>\n                          <\/div>\n                        <\/div>\n                      <\/div>\n                    <\/div>\n                  <\/div>\n                <\/div>\n              <\/div>\n            <\/div>\n          <\/div>\n        <\/div>\n      <\/div>\n    <\/section>\n    <section class=\"u-align-center u-clearfix u-section-3\" id=\"sec-8c25\">\n      <div class=\"u-clearfix u-sheet u-sheet-1\">\n        <p class=\"u-large-text u-text u-text-default u-text-palette-2-dark-2 u-text-variant u-text-1\"> Gewinnen Sie einen Eindruck von den R\u00e4umlichkeiten in der Auszeit.&nbsp;<br>Wir haben mit viel Liebe eingerichtet, damit Sie sich rundum wohlf\u00fchlen k\u00f6nnen. \n        <\/p>\n        <div class=\"u-carousel u-expanded-width-xs u-gallery u-layout-carousel u-lightbox u-no-transition u-show-text-on-hover u-gallery-1\" id=\"carousel-b326\" data-interval=\"5000\" data-u-ride=\"carousel\">\n          <ol class=\"u-absolute-hcenter-sm u-absolute-hcenter-xs u-carousel-indicators u-carousel-indicators-1\">\n            <li data-u-target=\"#carousel-b326\" data-u-slide-to=\"0\" class=\"u-active u-grey-70 u-shape-circle\" style=\"width: 10px; height: 10px;\"><\/li>\n            <li data-u-target=\"#carousel-b326\" data-u-slide-to=\"1\" class=\"u-grey-70 u-shape-circle\" style=\"width: 10px; height: 10px;\"><\/li>\n            <li data-u-target=\"#carousel-b326\" data-u-slide-to=\"2\" class=\"u-grey-70 u-shape-circle\" style=\"width: 10px; height: 10px;\"><\/li>\n            <li data-u-target=\"#carousel-b326\" data-u-slide-to=\"3\" class=\"u-grey-70 u-shape-circle\" style=\"width: 10px; height: 10px;\"><\/li>\n            <li data-u-target=\"#carousel-b326\" data-u-slide-to=\"4\" class=\"u-grey-70 u-shape-circle\" style=\"width: 10px; height: 10px;\"><\/li>\n            <li data-u-target=\"#carousel-b326\" data-u-slide-to=\"5\" class=\"u-grey-70 u-shape-circle\" style=\"width: 10px; height: 10px;\"><\/li>\n            <li data-u-target=\"#carousel-b326\" data-u-slide-to=\"6\" class=\"u-grey-70 u-shape-circle\" style=\"width: 10px; height: 10px;\"><\/li>\n            <li data-u-target=\"#carousel-b326\" data-u-slide-to=\"7\" class=\"u-grey-70 u-shape-circle\" style=\"width: 10px; height: 10px;\"><\/li>\n            <li data-u-target=\"#carousel-b326\" data-u-slide-to=\"8\" class=\"u-grey-70 u-shape-circle\" style=\"width: 10px; height: 10px;\"><\/li>\n            <li data-u-target=\"#carousel-b326\" data-u-slide-to=\"9\" class=\"u-grey-70 u-shape-circle\" style=\"width: 10px; height: 10px;\"><\/li>\n            <li data-u-target=\"#carousel-b326\" data-u-slide-to=\"10\" class=\"u-grey-70 u-shape-circle\" style=\"width: 10px; height: 10px;\"><\/li>\n          <\/ol>\n          <div class=\"u-carousel-inner u-gallery-inner\" role=\"listbox\">\n            <div class=\"u-active u-carousel-item u-gallery-item u-carousel-item-1\">\n              <div class=\"u-back-slide\" data-image-width=\"640\" data-image-height=\"480\">\n                <img decoding=\"async\" class=\"u-back-image u-expanded\" src=\"https:\/\/auszeit-gerolzhofen.de\/wp-content\/uploads\/2022\/08\/IMG_3431.jpg\">\n              <\/div>\n              <div class=\"u-align-center u-over-slide u-valign-bottom u-over-slide-1\">\n                <p class=\"u-gallery-heading u-large-text u-text-palette-2-dark-2 u-text-variant\">Raum der Entspannung<\/p>\n                <p class=\"u-gallery-text\" style=\"margin-top: 6px;\"><\/p>\n              <\/div>\n            <\/div>\n            <div class=\"u-carousel-item u-gallery-item u-carousel-item-2\" data-image-width=\"2836\" data-image-height=\"1875\">\n              <div class=\"u-back-slide\" data-image-width=\"640\" data-image-height=\"480\">\n                <img decoding=\"async\" class=\"u-back-image u-expanded\" src=\"https:\/\/auszeit-gerolzhofen.de\/wp-content\/uploads\/2022\/08\/IMG_3433.jpg?rand=4103\">\n              <\/div>\n              <div class=\"u-align-center u-over-slide u-valign-bottom u-over-slide-2\">\n                <p class=\"u-gallery-heading u-large-text u-text-palette-2-dark-2 u-text-variant\">Raum der Entspannung<\/p>\n                <p class=\"u-gallery-text\" style=\"margin-top: 6px;\"><\/p>\n              <\/div>\n            <\/div>\n            <div class=\"u-carousel-item u-gallery-item u-carousel-item-3\" data-image-width=\"3456\" data-image-height=\"2592\">\n              <div class=\"u-back-slide\">\n                <img decoding=\"async\" class=\"u-back-image u-expanded\" src=\"https:\/\/auszeit-gerolzhofen.de\/wp-content\/uploads\/2022\/08\/Auszeit_04.jpg\">\n              <\/div>\n              <div class=\"u-align-center u-over-slide u-valign-bottom u-over-slide-3\">\n                <p class=\"u-gallery-heading u-large-text u-text-palette-2-dark-2 u-text-variant\">Eingangsbereich<\/p>\n                <p class=\"u-gallery-text\" style=\"margin-top: 6px;\"><\/p>\n              <\/div>\n              <style data-mode=\"XL\"><\/style>\n              <style data-mode=\"LG\" data-visited=\"true\"><\/style>\n              <style data-mode=\"MD\"><\/style>\n              <style data-mode=\"SM\" data-visited=\"true\"><\/style>\n              <style data-mode=\"XS\"><\/style>\n            <\/div>\n            <div class=\"u-carousel-item u-gallery-item u-carousel-item-4\" data-image-width=\"1600\" data-image-height=\"1200\">\n              <div class=\"u-back-slide\" data-image-width=\"640\" data-image-height=\"480\">\n                <img decoding=\"async\" class=\"u-back-image u-expanded\" src=\"https:\/\/auszeit-gerolzhofen.de\/wp-content\/uploads\/2022\/08\/IMG_3438.jpg\">\n              <\/div>\n              <div class=\"u-align-center u-over-slide u-valign-bottom u-over-slide-4\">\n                <p class=\"u-gallery-heading u-large-text u-text-palette-2-dark-2 u-text-variant\">Raum der Gesundheit<\/p>\n                <p class=\"u-gallery-text\" style=\"margin-top: 6px;\"><\/p>\n              <\/div>\n              <style data-mode=\"XL\"><\/style>\n              <style data-mode=\"LG\" data-visited=\"true\"><\/style>\n              <style data-mode=\"MD\"><\/style>\n              <style data-mode=\"SM\" data-visited=\"true\"><\/style>\n              <style data-mode=\"XS\"><\/style>\n            <\/div>\n            <div class=\"u-carousel-item u-gallery-item u-carousel-item-5\" data-image-width=\"5184\" data-image-height=\"3456\">\n              <div class=\"u-back-slide\" data-image-width=\"1200\" data-image-height=\"1600\">\n                <img decoding=\"async\" class=\"u-back-image u-expanded\" src=\"https:\/\/auszeit-gerolzhofen.de\/wp-content\/uploads\/2022\/08\/IMG_8264.jpg\">\n              <\/div>\n              <div class=\"u-align-center u-over-slide u-valign-bottom u-over-slide-5\">\n                <p class=\"u-gallery-heading u-large-text u-text-palette-2-dark-2 u-text-variant\">Impressionen<\/p>\n                <p class=\"u-gallery-text\" style=\"margin-top: 6px;\"><\/p>\n              <\/div>\n              <style data-mode=\"XL\"><\/style>\n              <style data-mode=\"LG\" data-visited=\"true\"><\/style>\n              <style data-mode=\"MD\"><\/style>\n              <style data-mode=\"SM\" data-visited=\"true\"><\/style>\n              <style data-mode=\"XS\"><\/style>\n            <\/div>\n            <div class=\"u-carousel-item u-gallery-item u-carousel-item-6\" data-image-width=\"5184\" data-image-height=\"3456\">\n              <div class=\"u-back-slide\">\n                <img decoding=\"async\" class=\"u-back-image u-expanded\" src=\"https:\/\/auszeit-gerolzhofen.de\/wp-content\/uploads\/2022\/08\/Auszeit-Eroffnung_26.jpg\">\n              <\/div>\n              <div class=\"u-align-center u-over-slide u-valign-bottom u-over-slide-6\">\n                <p class=\"u-gallery-heading u-large-text u-text-palette-2-dark-2 u-text-variant\">gro\u00dfer Kursraum<\/p>\n                <p class=\"u-gallery-text\" style=\"margin-top: 6px;\"><\/p>\n              <\/div>\n              <style data-mode=\"XL\"><\/style>\n              <style data-mode=\"LG\" data-visited=\"true\"><\/style>\n              <style data-mode=\"MD\"><\/style>\n              <style data-mode=\"SM\" data-visited=\"true\"><\/style>\n              <style data-mode=\"XS\"><\/style>\n            <\/div>\n            <div class=\"u-carousel-item u-gallery-item u-carousel-item-7\" data-image-width=\"1600\" data-image-height=\"1200\">\n              <div class=\"u-back-slide\" data-image-width=\"1600\" data-image-height=\"1200\">\n                <img decoding=\"async\" class=\"u-back-image u-expanded\" src=\"https:\/\/auszeit-gerolzhofen.de\/wp-content\/uploads\/2022\/08\/IMG_8246.jpg\">\n              <\/div>\n              <div class=\"u-align-center u-over-slide u-valign-bottom u-over-slide-7\">\n                <p class=\"u-gallery-heading u-large-text u-text-palette-2-dark-2 u-text-variant\">gro\u00dfer Kursraum<\/p>\n                <p class=\"u-gallery-text\" style=\"margin-top: 6px;\"><\/p>\n              <\/div>\n              <style data-mode=\"XL\"><\/style>\n              <style data-mode=\"LG\" data-visited=\"true\"><\/style>\n              <style data-mode=\"MD\"><\/style>\n              <style data-mode=\"SM\" data-visited=\"true\"><\/style>\n              <style data-mode=\"XS\"><\/style>\n            <\/div>\n            <div class=\"u-carousel-item u-gallery-item u-carousel-item-8\" data-image-width=\"5184\" data-image-height=\"3456\">\n              <div class=\"u-back-slide\" data-image-width=\"640\" data-image-height=\"480\">\n                <img decoding=\"async\" class=\"u-back-image u-expanded\" src=\"https:\/\/auszeit-gerolzhofen.de\/wp-content\/uploads\/2022\/08\/IMG_3444.jpg\">\n              <\/div>\n              <div class=\"u-align-center u-over-slide u-valign-bottom u-over-slide-8\">\n                <p class=\"u-gallery-heading u-large-text u-text-palette-2-dark-2 u-text-variant\">kleiner Kursraum<\/p>\n                <p class=\"u-gallery-text\" style=\"margin-top: 6px;\"><\/p>\n              <\/div>\n              <style data-mode=\"XL\"><\/style>\n              <style data-mode=\"LG\" data-visited=\"true\"><\/style>\n              <style data-mode=\"MD\"><\/style>\n              <style data-mode=\"SM\" data-visited=\"true\"><\/style>\n              <style data-mode=\"XS\"><\/style>\n            <\/div>\n            <div class=\"u-carousel-item u-gallery-item u-carousel-item-9\" data-image-width=\"4566\" data-image-height=\"3044\">\n              <div class=\"u-back-slide\" data-image-width=\"1200\" data-image-height=\"1600\">\n                <img decoding=\"async\" class=\"u-back-image u-expanded u-back-image-9\" src=\"https:\/\/auszeit-gerolzhofen.de\/wp-content\/uploads\/2022\/08\/auszeit_06.jpg\">\n              <\/div>\n              <div class=\"u-align-center u-over-slide u-valign-bottom u-over-slide-9\">\n                <p class=\"u-gallery-heading u-large-text u-text-palette-2-dark-2 u-text-variant\">Umkleide<\/p>\n                <p class=\"u-gallery-text\" style=\"margin-top: 6px;\"><\/p>\n              <\/div>\n              <style data-mode=\"XL\"><\/style>\n              <style data-mode=\"LG\" data-visited=\"true\"><\/style>\n              <style data-mode=\"MD\"><\/style>\n              <style data-mode=\"SM\" data-visited=\"true\"><\/style>\n              <style data-mode=\"XS\"><\/style>\n            <\/div>\n            <div class=\"u-carousel-item u-gallery-item u-carousel-item-10\" data-image-width=\"6000\" data-image-height=\"4000\">\n              <div class=\"u-back-slide\">\n                <img decoding=\"async\" class=\"u-back-image u-expanded\" src=\"https:\/\/auszeit-gerolzhofen.de\/wp-content\/uploads\/2022\/08\/IMG_0498.jpg\">\n              <\/div>\n              <div class=\"u-align-center u-over-slide u-valign-bottom u-over-slide-10\">\n                <p class=\"u-gallery-heading u-large-text u-text-palette-2-dark-2 u-text-variant\">Au\u00dfenterrasse<\/p>\n                <p class=\"u-gallery-text\" style=\"margin-top: 6px;\"><\/p>\n              <\/div>\n              <style data-mode=\"XL\"><\/style>\n              <style data-mode=\"LG\" data-visited=\"true\"><\/style>\n              <style data-mode=\"MD\"><\/style>\n              <style data-mode=\"SM\" data-visited=\"true\"><\/style>\n              <style data-mode=\"XS\"><\/style>\n            <\/div>\n            <div class=\"u-carousel-item u-gallery-item u-carousel-item-11\" data-image-width=\"6000\" data-image-height=\"4000\">\n              <div class=\"u-back-slide\">\n                <img decoding=\"async\" class=\"u-back-image u-expanded\" src=\"https:\/\/auszeit-gerolzhofen.de\/wp-content\/uploads\/2022\/08\/IMG_0517.jpg\">\n              <\/div>\n              <div class=\"u-align-center u-over-slide u-valign-bottom u-over-slide-11\">\n                <p class=\"u-gallery-heading u-large-text u-text-palette-2-dark-2 u-text-variant\">Au\u00dfenterrasse<\/p>\n                <p class=\"u-gallery-text\" style=\"margin-top: 6px;\"><\/p>\n              <\/div>\n              <style data-mode=\"XL\"><\/style>\n              <style data-mode=\"LG\" data-visited=\"true\"><\/style>\n              <style data-mode=\"MD\"><\/style>\n              <style data-mode=\"SM\" data-visited=\"true\"><\/style>\n              <style data-mode=\"XS\"><\/style>\n            <\/div>\n          <\/div>\n          <a class=\"u-absolute-vcenter u-carousel-control u-carousel-control-prev u-grey-70 u-icon-circle u-opacity u-opacity-70 u-spacing-10 u-text-white u-carousel-control-1\" href=\"#carousel-b326\" role=\"button\" data-u-slide=\"prev\">\n            <span aria-hidden=\"true\">\n              <svg viewBox=\"0 0 451.847 451.847\"><path d=\"M97.141,225.92c0-8.095,3.091-16.192,9.259-22.366L300.689,9.27c12.359-12.359,32.397-12.359,44.751,0\nc12.354,12.354,12.354,32.388,0,44.748L173.525,225.92l171.903,171.909c12.354,12.354,12.354,32.391,0,44.744\nc-12.354,12.365-32.386,12.365-44.745,0l-194.29-194.281C100.226,242.115,97.141,234.018,97.141,225.92z\"><\/path><\/svg>\n            <\/span>\n            <span class=\"sr-only\">\n              <svg viewBox=\"0 0 451.847 451.847\"><path d=\"M97.141,225.92c0-8.095,3.091-16.192,9.259-22.366L300.689,9.27c12.359-12.359,32.397-12.359,44.751,0\nc12.354,12.354,12.354,32.388,0,44.748L173.525,225.92l171.903,171.909c12.354,12.354,12.354,32.391,0,44.744\nc-12.354,12.365-32.386,12.365-44.745,0l-194.29-194.281C100.226,242.115,97.141,234.018,97.141,225.92z\"><\/path><\/svg>\n            <\/span>\n          <\/a>\n          <a class=\"u-absolute-vcenter u-carousel-control u-carousel-control-next u-grey-70 u-icon-circle u-opacity u-opacity-70 u-spacing-10 u-text-white u-carousel-control-2\" href=\"#carousel-b326\" role=\"button\" data-u-slide=\"next\">\n            <span aria-hidden=\"true\">\n              <svg viewBox=\"0 0 451.846 451.847\"><path d=\"M345.441,248.292L151.154,442.573c-12.359,12.365-32.397,12.365-44.75,0c-12.354-12.354-12.354-32.391,0-44.744\nL278.318,225.92L106.409,54.017c-12.354-12.359-12.354-32.394,0-44.748c12.354-12.359,32.391-12.359,44.75,0l194.287,194.284\nc6.177,6.18,9.262,14.271,9.262,22.366C354.708,234.018,351.617,242.115,345.441,248.292z\"><\/path><\/svg>\n            <\/span>\n            <span class=\"sr-only\">\n              <svg viewBox=\"0 0 451.846 451.847\"><path d=\"M345.441,248.292L151.154,442.573c-12.359,12.365-32.397,12.365-44.75,0c-12.354-12.354-12.354-32.391,0-44.744\nL278.318,225.92L106.409,54.017c-12.354-12.359-12.354-32.394,0-44.748c12.354-12.359,32.391-12.359,44.75,0l194.287,194.284\nc6.177,6.18,9.262,14.271,9.262,22.366C354.708,234.018,351.617,242.115,345.441,248.292z\"><\/path><\/svg>\n            <\/span>\n          <\/a>\n        <\/div>\n      <\/div>\n    <\/section>\n    <section class=\"u-align-center-md u-align-center-sm u-align-center-xs u-clearfix u-palette-2-light-2 u-section-4\" id=\"carousel_b0f9\">\n      <div class=\"u-clearfix u-sheet u-valign-middle-xl u-valign-middle-xs u-sheet-1\">\n        <h1 class=\"u-align-center u-text u-text-palette-2-dark-2 u-text-1\">AUSZEIT-R\u00e4ume buchen<\/h1>\n        <div class=\"u-expanded-width u-gallery u-layout-grid u-lightbox u-no-transition u-show-text-none u-gallery-1\">\n          <div class=\"u-gallery-inner u-gallery-inner-1\">\n            <div class=\"u-effect-hover-zoom u-gallery-item u-shape-rectangle\" data-animation-name=\"\" data-animation-duration=\"0\" data-animation-delay=\"0\" data-animation-direction=\"\">\n              <div class=\"u-back-slide\">\n                <img decoding=\"async\" class=\"u-back-image u-expanded u-back-image-1\" src=\"https:\/\/auszeit-gerolzhofen.de\/wp-content\/uploads\/2022\/08\/Auszeit-Eroffnung_24.jpg\" data-image-width=\"1600\" data-image-height=\"1067\">\n              <\/div>\n              <div class=\"u-over-slide u-shading u-over-slide-1\">\n                <h3 class=\"u-gallery-heading\"><\/h3>\n                <p class=\"u-gallery-text\"><\/p>\n              <\/div>\n            <\/div>\n            <div class=\"u-effect-hover-zoom u-gallery-item u-shape-rectangle\" data-animation-name=\"\" data-animation-duration=\"0\" data-animation-delay=\"0\" data-animation-direction=\"\">\n              <div class=\"u-back-slide\">\n                <img decoding=\"async\" class=\"u-back-image u-expanded u-back-image-2\" src=\"https:\/\/auszeit-gerolzhofen.de\/wp-content\/uploads\/2022\/08\/IMG_05111.jpg?rand=f0b8\" data-image-width=\"1600\" data-image-height=\"1067\">\n              <\/div>\n              <div class=\"u-over-slide u-shading u-over-slide-2\">\n                <h3 class=\"u-gallery-heading\"><\/h3>\n                <p class=\"u-gallery-text\"><\/p>\n              <\/div>\n            <\/div>\n            <div class=\"u-effect-hover-zoom u-gallery-item u-shape-rectangle\" data-animation-name=\"\" data-animation-duration=\"0\" data-animation-delay=\"0\" data-animation-direction=\"\">\n              <div class=\"u-back-slide\">\n                <img decoding=\"async\" class=\"u-back-image u-expanded u-back-image-3\" src=\"https:\/\/auszeit-gerolzhofen.de\/wp-content\/uploads\/2022\/08\/IMG_7224-scaled.jpg\" data-image-width=\"2560\" data-image-height=\"1920\">\n              <\/div>\n              <div class=\"u-over-slide u-shading u-over-slide-3\">\n                <h3 class=\"u-gallery-heading\"><\/h3>\n                <p class=\"u-gallery-text\"><\/p>\n              <\/div>\n            <\/div>\n            <div class=\"u-effect-hover-zoom u-gallery-item u-shape-rectangle\" data-animation-name=\"\" data-animation-duration=\"0\" data-animation-delay=\"0\" data-animation-direction=\"\">\n              <div class=\"u-back-slide\">\n                <img decoding=\"async\" class=\"u-back-image u-expanded u-back-image-4\" src=\"https:\/\/auszeit-gerolzhofen.de\/wp-content\/uploads\/2022\/08\/Auszeit-Eroffnung_24.jpg\" data-image-width=\"1600\" data-image-height=\"1067\">\n              <\/div>\n              <div class=\"u-over-slide u-shading u-over-slide-4\">\n                <h3 class=\"u-gallery-heading\"><\/h3>\n                <p class=\"u-gallery-text\"><\/p>\n              <\/div>\n            <\/div>\n          <\/div>\n        <\/div>\n        <h2 class=\"u-align-center-lg u-align-center-xl u-text u-text-palette-2-dark-2 u-text-2\"> Deiner Auszeit \"Raum geben\"<\/h2>\n        <div class=\"u-align-left u-container-style u-expanded-width u-group u-shape-rectangle u-group-1\">\n          <div class=\"u-container-layout u-container-layout-1\">\n            <p class=\"u-large-text u-text u-text-palette-2-dark-1 u-text-variant u-text-3\">Wir geben dir Raum dich zu verwirklichen, zu pr\u00e4sentieren und\nzu entfalten.&nbsp;<br>\n              <br>Buche unsere Kursr\u00e4ume, Behandlungsr\u00e4ume, Au\u00dfenterrasse f\u00fcr deine Kurse, Events, Workshops, Seminare,\nFotoshootings etc.&nbsp;<br>\n              <br>Du kannst dich stundenweise, tageweise oder ein ganzes Wochenende in unseren R\u00e4umen einmieten.<br>\n              <br>F\u00fcr Details sprich uns gerne an oder kontaktiere uns! \n            <\/p>\n          <\/div>\n        <\/div>\n      <\/div>\n    <\/section>\n    \n    \n  \n","protected":false},"excerpt":{"rendered":"<p>Auszeit &#8211; R\u00e4ume Gewinnen Sie einen Eindruck von den R\u00e4umlichkeiten in der Auszeit.&nbsp;Wir haben mit viel Liebe eingerichtet, damit Sie sich rundum wohlf\u00fchlen k\u00f6nnen. Raum der Entspannung Raum der Entspannung Eingangsbereich Raum der Gesundheit Impressionen gro\u00dfer Kursraum gro\u00dfer Kursraum kleiner Kursraum Umkleide Au\u00dfenterrasse Au\u00dfenterrasse AUSZEIT-R\u00e4ume buchen Deiner Auszeit &#8222;Raum geben&#8220; Wir geben dir Raum dich &hellip; <a href=\"https:\/\/auszeit-gerolzhofen.de\/?page_id=74\" class=\"more-link\">Continue reading<span class=\"screen-reader-text\"> &#8222;R\u00e4ume&#8220;<\/span><\/a><\/p>\n","protected":false},"author":1,"featured_media":0,"parent":0,"menu_order":3,"comment_status":"closed","ping_status":"closed","template":"","meta":{"footnotes":""},"class_list":["post-74","page","type-page","status-publish","hentry"],"_links":{"self":[{"href":"https:\/\/auszeit-gerolzhofen.de\/index.php?rest_route=\/wp\/v2\/pages\/74","targetHints":{"allow":["GET"]}}],"collection":[{"href":"https:\/\/auszeit-gerolzhofen.de\/index.php?rest_route=\/wp\/v2\/pages"}],"about":[{"href":"https:\/\/auszeit-gerolzhofen.de\/index.php?rest_route=\/wp\/v2\/types\/page"}],"author":[{"embeddable":true,"href":"https:\/\/auszeit-gerolzhofen.de\/index.php?rest_route=\/wp\/v2\/users\/1"}],"replies":[{"embeddable":true,"href":"https:\/\/auszeit-gerolzhofen.de\/index.php?rest_route=%2Fwp%2Fv2%2Fcomments&post=74"}],"version-history":[{"count":3,"href":"https:\/\/auszeit-gerolzhofen.de\/index.php?rest_route=\/wp\/v2\/pages\/74\/revisions"}],"predecessor-version":[{"id":217,"href":"https:\/\/auszeit-gerolzhofen.de\/index.php?rest_route=\/wp\/v2\/pages\/74\/revisions\/217"}],"wp:attachment":[{"href":"https:\/\/auszeit-gerolzhofen.de\/index.php?rest_route=%2Fwp%2Fv2%2Fmedia&parent=74"}],"curies":[{"name":"wp","href":"https:\/\/api.w.org\/{rel}","templated":true}]}}