{"id":73,"date":"2022-08-15T19:19:42","date_gmt":"2022-08-15T19:19:42","guid":{"rendered":"https:\/\/auszeit-gerolzhofen.de\/index.php\/kontakt\/"},"modified":"2026-03-31T10:03:10","modified_gmt":"2026-03-31T10:03:10","slug":"kontakt","status":"publish","type":"page","link":"https:\/\/auszeit-gerolzhofen.de\/?page_id=73","title":{"rendered":"Kontakt"},"content":{"rendered":"\n    \n    <section class=\"u-align-center u-clearfix u-container-align-center u-valign-middle u-section-2\" id=\"sec-5687\">\n      <div class=\"u-clearfix u-expanded-width u-gutter-0 u-layout-wrap u-layout-wrap-1\">\n        <div class=\"u-layout\" style=\"\">\n          <div class=\"u-layout-row\" style=\"\">\n            <div class=\"u-align-left u-container-align-left u-container-style u-image u-layout-cell u-left-cell u-size-60 u-size-xs-60 u-image-1\" src=\"\" data-image-width=\"1600\" data-image-height=\"834\" style=\"background-image: url(&quot;https:\/\/auszeit-gerolzhofen.de\/wp-content\/uploads\/2022\/08\/AnsichtBerlinerStr108_2.jpg?rand=9a38&quot;);\">\n              <div class=\"u-container-layout u-valign-middle u-container-layout-1\" src=\"\"><\/div>\n            <\/div>\n          <\/div>\n        <\/div>\n      <\/div>\n    <\/section>\n    <section class=\"u-clearfix u-custom-color-4 u-section-3\" id=\"carousel_8f4b\">\n      <div class=\"u-clearfix u-sheet u-sheet-1\">\n        <div class=\"u-align-center u-container-align-center u-container-style u-custom-color-2 u-expanded-width-xs u-group u-group-1\">\n          <div class=\"u-container-layout u-valign-middle-xs u-container-layout-1\">\n            <h1 class=\"u-text u-text-body-alt-color u-text-1\">Kontaktformular <\/h1>\n            <p class=\"u-text u-text-body-alt-color u-text-2\"> Gerne beraten wir Sie ausf\u00fchrlich \u00fcber unser Angebot.&nbsp;<br>Z\u00f6gern Sie nicht uns nach Ihren W\u00fcnschen zu fragen!&nbsp;<br>F\u00fcr eine Terminvereinbarung ist es sinnvoll,&nbsp;1 Woche vorher anzurufen,&nbsp;&nbsp;<br>damit wir Ihren Wunschtermin m\u00f6glich machen k\u00f6nnen. \n            <\/p>\n            <div class=\"u-align-left u-expanded-width-lg u-expanded-width-md u-expanded-width-sm u-expanded-width-xs u-form u-form-1\">\n                      <script>\n            function onSuccess(event) {\n                if (typeof window.serviceRequest !== 'undefined') {\n                    window.serviceRequest(jQuery(this).find('form'));\n                }\n                var msgContainer = jQuery(event.currentTarget).find('.wpcf7-response-output');\n                msgContainer.removeClass('u-form-send-error').addClass('u-form-send-message u-form-send-success');\n                msgContainer.show();\n                var redirectAddress = jQuery(event.currentTarget).find('[redirect-address]').attr('redirect-address');\n                if (redirectAddress) {\n                    setTimeout(function () {\n                        location.replace(redirectAddress);\n                    }, 2000);\n                }\n            }\n            function onError(event) {\n                var msgContainer = jQuery(event.currentTarget).find('.wpcf7-response-output');\n                msgContainer.removeClass('u-form-send-success').addClass('u-form-send-message u-form-send-error');\n                msgContainer.show();\n            }\n\n            jQuery('body')\n                .on('wpcf7mailsent',   '.u-form .wpcf7', onSuccess)\n                .on('wpcf7invalid',    '.u-form .wpcf7', onError)\n                .on('wpcf7:unaccepted', '.u-form .wpcf7', onError)\n                .on('wpcf7spam',       '.u-form .wpcf7', onError)\n                .on('wpcf7:aborted',    '.u-form .wpcf7', onError)\n                .on('wpcf7mailfailed', '.u-form .wpcf7', onError);\n        <\/script>\n        <style>\n            .u-form .wpcf7-response-output {\n                \/*position: relative !important;*\/\n                margin: 0 !important;\n                bottom: -70px!important;\n            }\n            .u-form .wpcf7 .ajax-loader {\n                margin-left: -24px;\n                margin-right: 0;\n            }\n        <\/style>\n\n<div class=\"wpcf7 no-js\" id=\"wpcf7-f116-o1\" lang=\"de-DE\" dir=\"ltr\" data-wpcf7-id=\"116\">\n<div class=\"screen-reader-response\"><p role=\"status\" aria-live=\"polite\" aria-atomic=\"true\"><\/p> <ul><\/ul><\/div>\n<form style=\"padding: 6px;\" action=\"\/index.php?rest_route=%2Fwp%2Fv2%2Fpages%2F73#wpcf7-f116-o1\" method=\"post\" class=\"wpcf7-form init u-clearfix u-form-spacing-15 u-form-vertical u-inner-form u-form-custom-backend\" aria-label=\"Kontaktformular\" novalidate=\"novalidate\" data-status=\"init\">\n<fieldset class=\"hidden-fields-container\"><input type=\"hidden\" name=\"_wpcf7\" value=\"116\" \/><input type=\"hidden\" name=\"_wpcf7_version\" value=\"6.1.5\" \/><input type=\"hidden\" name=\"_wpcf7_locale\" value=\"de_DE\" \/><input type=\"hidden\" name=\"_wpcf7_unit_tag\" value=\"wpcf7-f116-o1\" \/><input type=\"hidden\" name=\"_wpcf7_container_post\" value=\"0\" \/><input type=\"hidden\" name=\"_wpcf7_posted_data_hash\" value=\"\" \/><input type=\"hidden\" name=\"_cf7a__timestamp\" value=\"9l\/vppcjtreRpsFBBGl4lA==\" \/><input type=\"hidden\" name=\"_cf7a_version\" value=\"1.0\" \/><input type=\"hidden\" name=\"_cf7a_address\" value=\"\" \/><input type=\"hidden\" name=\"_cf7a_referer\" value=\"\" \/><input type=\"hidden\" name=\"_cf7a_protocol\" value=\"\" \/><input type=\"hidden\" name=\"_cf7a_bot_fingerprint\" value=\"9l\/vppcjtreRpsFBBGl4lA==\" \/><input type=\"hidden\" name=\"_cf7a_bot_fingerprint_extras\" \/><input type=\"hidden\" name=\"_cf7a_append_on_submit\" \/>\n<\/fieldset>\n\n                <div class=\"u-form-group wpcf7-form-control-wrap u-form-name\">\n                  <label for=\"name-5a14\" class=\"u-form-control-hidden u-label u-text-body-alt-color\">Name<\/label>\n                  <input type=\"text\" placeholder=\"Vor- und Nachname\" id=\"name-5a14\" name=\"name1\" class=\"u-input wpcf7-form-control u-input-rectangle\" required=\"\"><input type=\"text\" name=\"name\" value=\"\" autocomplete=\"fill\" class=\"fit-the-fullspace\" aria-hidden=\"true\" tabindex=\"-1\" \/>\n                <\/div>\n                <div class=\"u-form-email u-form-group wpcf7-form-control-wrap\">\n                  <label for=\"email-5a14\" class=\"u-form-control-hidden u-label u-text-body-alt-color\">Email<\/label>\n                  <input type=\"email\" placeholder=\"Email- Adresse\" id=\"email-5a14\" name=\"email\" class=\"u-input wpcf7-form-control u-input-rectangle\" required=\"\">\n                <\/div>\n                <div class=\"u-form-group wpcf7-form-control-wrap u-form-phone\">\n                  <label for=\"phone-2404\" class=\"u-form-control-hidden u-label u-text-body-alt-color\"><\/label>\n                  <input type=\"tel\" pattern=\"+?d{0,3}[s(-]?([0-9]{2,3})[s)-]?([s-]?)([0-9]{3})[s-]?([0-9]{2})[s-]?([0-9]{2})\" placeholder=\"Telefonnummer\" id=\"phone-2404\" name=\"phone\" class=\"u-input wpcf7-form-control u-input-rectangle\" required=\"\">\n                <\/div>\n                <div class=\"u-form-group wpcf7-form-control-wrap u-form-message\">\n                  <label for=\"message-5a14\" class=\"u-form-control-hidden u-label u-text-body-alt-color\">Message<\/label>\n                  <textarea placeholder=\"Wie k\u00f6nnen wir weiterhelfen?\" rows=\"4\" cols=\"50\" id=\"message-5a14\" name=\"message\" class=\"u-input wpcf7-form-control u-input-rectangle\" required=\"\"><\/textarea>\n                <\/div>\n                <div class=\"u-form-checkbox u-form-group wpcf7-form-control-wrap\">\n                  <input type=\"checkbox\" id=\"checkbox-154d\" name=\"checkbox\" value=\"On\" required=\"required\" class=\"u-field-input\">\n                  <label for=\"checkbox-154d\" class=\"u-block-a571-100 u-field-label u-text-body-alt-color\" style=\"\">\n                    <a class=\"u-active-none u-border-none u-btn u-button-style u-hover-none u-none u-text-palette-2-dark-2 u-btn-1\" href=\"https:\/\/auszeit-gerolzhofen.de\/index.php\/datenschutz\/\"> ich habe die&nbsp;Datenschutzerkl\u00e4rung&nbsp;gelesen und stimme zu <\/a>\n                  <\/label>\n                <\/div>\n                <div class=\"u-form-checkbox u-form-group wpcf7-form-control-wrap\">\n                  <input type=\"checkbox\" id=\"checkbox-0a03\" name=\"checkbox-1\" value=\"On\" required=\"required\" class=\"u-field-input\">\n                  <label for=\"checkbox-0a03\" class=\"u-block-a571-102 u-field-label u-text-body-alt-color\" style=\"\">Ich bin damit einverstanden, dass meine Kontaktdaten (Name, Adresse, Email-Adresse, Telefonnummer) von AUSZEIT Gerolzhofen gespeichert und zur Kontaktaufnahme genutzt werden. Mir ist dabei klar, dass diese Einwilligung freiwillig und jederzeit widerruflich ist.<\/label>\n                <\/div>\n                <div class=\"u-align-center-lg u-align-center-md u-align-center-sm u-align-center-xl u-align-right-xs u-form-group wpcf7-form-control-wrap u-form-submit wpcf7-form-control\">\n                  <a href=\"#\" class=\"u-active-custom-color-2 u-border-2 u-border-white u-btn u-btn-submit wpcf7-submit u-button-style u-hover-custom-color-4 u-text-custom-color-2 u-text-hover-palette-2-base u-white u-btn-2\">Senden<\/a>\n                  <input type=\"submit\" value=\"submit\" class=\"u-form-control-hidden\">\n                <\/div>\n                <div class=\"u-form-send-message u-form-send-success\"> Thank you! Your message has been sent. <\/div>\n                <div class=\"u-form-send-error u-form-send-message\"> Unable to send your message. Please fix errors then try again. <\/div>\n                <input type=\"hidden\" value=\"\" name=\"recaptchaResponse\">\n              <input type=\"hidden\" name=\"_contact7_backend\" value=\"1\"><div class=\"wpcf7-response-output\" aria-hidden=\"true\"><\/div>\n<\/form>\n<\/div>\n\n            <\/div>\n          <\/div>\n        <\/div>\n        <div class=\"u-expanded-width-md u-expanded-width-sm u-expanded-width-xs u-list u-list-1\">\n          <div class=\"u-repeater u-repeater-1\">\n            <div class=\"u-align-center u-container-align-center u-container-style u-list-item u-repeater-item u-white u-list-item-1\">\n              <div class=\"u-container-layout u-similar-container u-valign-top-lg u-valign-top-md u-valign-top-sm u-valign-top-xl u-container-layout-2\"><span class=\"u-icon u-icon-circle u-text-custom-color-3 u-icon-1\"><svg class=\"u-svg-link\" preserveAspectRatio=\"xMidYMin slice\" viewBox=\"0 0 52 52\" style=\"\"><use xmlns:xlink=\"http:\/\/www.w3.org\/1999\/xlink\" xlink:href=\"#svg-077e\"><\/use><\/svg><svg class=\"u-svg-content\" viewBox=\"0 0 52 52\" x=\"0px\" y=\"0px\" id=\"svg-077e\" style=\"enable-background:new 0 0 52 52;\"><path style=\"fill:currentColor;\" d=\"M38.853,5.324L38.853,5.324c-7.098-7.098-18.607-7.098-25.706,0h0\n\tC6.751,11.72,6.031,23.763,11.459,31L26,52l14.541-21C45.969,23.763,45.249,11.72,38.853,5.324z M26.177,24c-3.314,0-6-2.686-6-6\n\ts2.686-6,6-6s6,2.686,6,6S29.491,24,26.177,24z\"><\/path><\/svg><\/span>\n                <h5 class=\"u-text u-text-palette-2-dark-2 u-text-3\">Adresse <\/h5>\n                <p class=\"u-text u-text-palette-2-dark-2 u-text-4\"> Berliner Stra\u00dfe 108a<br>97447 Gerolzhofen \n                <\/p>\n              <\/div>\n            <\/div>\n            <div class=\"u-align-center u-container-align-center u-container-style u-list-item u-repeater-item u-white u-list-item-2\">\n              <div class=\"u-container-layout u-similar-container u-valign-top-lg u-valign-top-md u-valign-top-sm u-valign-top-xl u-container-layout-3\"><span class=\"u-icon u-icon-circle u-text-custom-color-3 u-icon-2\"><svg class=\"u-svg-link\" preserveAspectRatio=\"xMidYMin slice\" viewBox=\"0 0 513.64 513.64\" style=\"\"><use xmlns:xlink=\"http:\/\/www.w3.org\/1999\/xlink\" xlink:href=\"#svg-9786\"><\/use><\/svg><svg class=\"u-svg-content\" viewBox=\"0 0 513.64 513.64\" x=\"0px\" y=\"0px\" id=\"svg-9786\" style=\"enable-background:new 0 0 513.64 513.64;\"><g><g><path d=\"M499.66,376.96l-71.68-71.68c-25.6-25.6-69.12-15.359-79.36,17.92c-7.68,23.041-33.28,35.841-56.32,30.72    c-51.2-12.8-120.32-79.36-133.12-133.12c-7.68-23.041,7.68-48.641,30.72-56.32c33.28-10.24,43.52-53.76,17.92-79.36l-71.68-71.68    c-20.48-17.92-51.2-17.92-69.12,0l-48.64,48.64c-48.64,51.2,5.12,186.88,125.44,307.2c120.32,120.32,256,176.641,307.2,125.44    l48.64-48.64C517.581,425.6,517.581,394.88,499.66,376.96z\"><\/path>\n<\/g>\n<\/g><\/svg><\/span>\n                <h5 class=\"u-text u-text-palette-2-dark-2 u-text-5\">Telefon<\/h5>\n                <p class=\"u-text u-text-palette-2-dark-2 u-text-6\">09382 \/ 31 87 345<\/p>\n              <\/div>\n            <\/div>\n            <div class=\"u-align-center u-container-align-center u-container-style u-list-item u-repeater-item u-white u-list-item-3\">\n              <div class=\"u-container-layout u-similar-container u-valign-top-lg u-valign-top-md u-valign-top-sm u-valign-top-xl u-container-layout-4\"><span class=\"u-icon u-icon-circle u-icon-3\"><svg class=\"u-svg-link\" preserveAspectRatio=\"xMidYMin slice\" viewBox=\"0 0 512 512\" style=\"\"><use xmlns:xlink=\"http:\/\/www.w3.org\/1999\/xlink\" xlink:href=\"#svg-2ae9\"><\/use><\/svg><svg class=\"u-svg-content\" viewBox=\"0 0 512 512\" x=\"0px\" y=\"0px\" id=\"svg-2ae9\" style=\"enable-background:new 0 0 512 512;\"><g><g><path d=\"M437.02,74.981C388.668,26.629,324.38,0,256,0S123.332,26.629,74.98,74.981C26.628,123.333,0,187.62,0,256    s26.628,132.668,74.98,181.019C123.332,485.37,187.62,512,256,512s132.668-26.629,181.02-74.981    C485.372,388.667,512,324.38,512,256S485.372,123.332,437.02,74.981z M256,461.752c-113.453,0-205.752-92.3-205.752-205.752    c0-0.186,0.006-0.37,0.007-0.554c0-0.047-0.007-0.092-0.007-0.139c0-0.079,0.01-0.155,0.012-0.233    c0.499-112.093,91.086-203.29,202.944-204.79c0.234-0.011,0.466-0.035,0.703-0.035c0.142,0,0.28,0.017,0.421,0.021    c0.558-0.004,1.114-0.021,1.673-0.021c113.453,0,205.752,92.3,205.752,205.752S369.453,461.752,256,461.752z\"><\/path>\n<\/g>\n<\/g><g><g><path d=\"M412.287,268.36c-8.366,0-15.148-6.782-15.148-15.148c0-8.366,6.782-15.148,15.148-15.148h18.259    c-8.576-84.076-76.762-150.773-161.492-157.035v15.895c0,8.366-6.782,15.148-15.148,15.148c-8.366,0-15.148-6.782-15.148-15.148    V81.391c-83.476,8.18-149.969,75.102-157.492,158.766h16.352c8.366,0,15.148,6.782,15.148,15.148    c0,8.366-6.782,15.148-15.148,15.148H81.142c6.965,85.011,74.791,153.045,159.71,160.342v-19.203    c0-8.366,6.782-15.148,15.148-15.148c8.366,0,15.148,6.782,15.148,15.148v19.203c85.614-7.357,153.853-76.451,159.867-162.435    H412.287z M317.32,216.102l-50.608,50.609c-2.841,2.841-6.693,4.437-10.711,4.437c-4.017,0-7.871-1.596-10.711-4.437    l-88.093-88.093c-5.916-5.915-5.916-15.506,0-21.422c5.915-5.916,15.506-5.916,21.422,0l77.383,77.382L295.9,194.68    c5.915-5.916,15.506-5.916,21.422,0C323.236,200.595,323.236,210.187,317.32,216.102z\"><\/path>\n<\/g>\n<\/g><\/svg><\/span>\n                <h5 class=\"u-text u-text-palette-2-dark-2 u-text-7\">\u00d6FFNUNGSZEITEN<\/h5>\n                <p class=\"u-text u-text-palette-2-dark-2 u-text-8\">siehe Fu\u00dfzeile<\/p>\n              <\/div>\n            <\/div>\n            <div class=\"u-align-center u-container-align-center u-container-style u-list-item u-repeater-item u-white u-list-item-4\">\n              <div class=\"u-container-layout u-similar-container u-valign-top-lg u-valign-top-md u-valign-top-sm u-valign-top-xl u-container-layout-5\"><span class=\"u-icon u-icon-circle u-text-custom-color-3 u-icon-4\"><svg class=\"u-svg-link\" preserveAspectRatio=\"xMidYMin slice\" viewBox=\"0 0 512 512\" style=\"\"><use xmlns:xlink=\"http:\/\/www.w3.org\/1999\/xlink\" xlink:href=\"#svg-9f82\"><\/use><\/svg><svg class=\"u-svg-content\" viewBox=\"0 0 512 512\" x=\"0px\" y=\"0px\" id=\"svg-9f82\" style=\"enable-background:new 0 0 512 512;\"><g><g><path d=\"M507.49,101.721L352.211,256L507.49,410.279c2.807-5.867,4.51-12.353,4.51-19.279V121    C512,114.073,510.297,107.588,507.49,101.721z\"><\/path>\n<\/g>\n<\/g><g><g><path d=\"M467,76H45c-6.927,0-13.412,1.703-19.279,4.51l198.463,197.463c17.548,17.548,46.084,17.548,63.632,0L486.279,80.51    C480.412,77.703,473.927,76,467,76z\"><\/path>\n<\/g>\n<\/g><g><g><path d=\"M4.51,101.721C1.703,107.588,0,114.073,0,121v270c0,6.927,1.703,13.413,4.51,19.279L159.789,256L4.51,101.721z\"><\/path>\n<\/g>\n<\/g><g><g><path d=\"M331,277.211l-21.973,21.973c-29.239,29.239-76.816,29.239-106.055,0L181,277.211L25.721,431.49    C31.588,434.297,38.073,436,45,436h422c6.927,0,13.412-1.703,19.279-4.51L331,277.211z\"><\/path>\n<\/g>\n<\/g><\/svg><\/span>\n                <h5 class=\"u-text u-text-palette-2-dark-2 u-text-9\">Email<\/h5>\n                <p class=\"u-text u-text-palette-2-dark-2 u-text-10\">\n                  <a href=\"mailto:auszeit.geo@icloud.com?subject=Hallo\" class=\"u-active-none u-border-1 u-border-no-left u-border-no-right u-border-no-top u-border-palette-2-base u-btn u-button-link u-button-style u-hover-none u-none u-text-palette-2-base u-btn-3\">auszeit.geo@icloud.com <\/a>\n                <\/p>\n              <\/div>\n            <\/div>\n          <\/div>\n        <\/div>\n      <\/div>\n    <\/section>\n    <section class=\"u-clearfix u-valign-middle-sm u-section-4\" id=\"sec-354d\">\n      <div class=\"u-absolute-hcenter u-expanded u-grey-10 u-map\">\n        <div class=\"embed-responsive\">\n          <iframe class=\"embed-responsive-item\" src=\"\/\/maps.google.com\/maps?output=embed&amp;q=Auszeit%20Gerolzhofen%20Berliner%20Stra%C3%9Fe%20108a%0A97447%20Gerolzhofen&amp;t=m\" data-map=\"JTdCJTIyYWRkcmVzcyUyMiUzQSUyMkF1c3plaXQlMjBHZXJvbHpob2ZlbiUyMEJlcmxpbmVyJTIwU3RyYSVDMyU5RmUlMjAxMDhhJTVDbjk3NDQ3JTIwR2Vyb2x6aG9mZW4lMjIlMkMlMjJ6b29tJTIyJTNBbnVsbCUyQyUyMnR5cGVJZCUyMiUzQSUyMnJvYWQlMjIlMkMlMjJsYW5nJTIyJTNBbnVsbCUyQyUyMmFwaUtleSUyMiUzQW51bGwlMkMlMjJtYXJrZXJzJTIyJTNBJTVCJTVEJTdE\"><\/iframe>\n        <\/div>\n      <\/div>\n      <div class=\"u-align-left u-container-style u-group u-white u-group-1\">\n        <div class=\"u-container-layout u-valign-bottom-sm u-valign-middle-xl u-valign-middle-xs u-container-layout-1\">\n          <img decoding=\"async\" class=\"u-align-center u-image u-image-default u-image-1\" src=\"https:\/\/auszeit-gerolzhofen.de\/wp-content\/uploads\/2026\/03\/Untitleddesign2.png\" alt=\"\" data-image-width=\"2000\" data-image-height=\"1415\">\n        <\/div>\n      <\/div>\n    <\/section>\n    \n    \n    \n  \n","protected":false},"excerpt":{"rendered":"<p>Kontaktformular Gerne beraten wir Sie ausf\u00fchrlich \u00fcber unser Angebot.&nbsp;Z\u00f6gern Sie nicht uns nach Ihren W\u00fcnschen zu fragen!&nbsp;F\u00fcr eine Terminvereinbarung ist es sinnvoll,&nbsp;1 Woche vorher anzurufen,&nbsp;&nbsp;damit wir Ihren Wunschtermin m\u00f6glich machen k\u00f6nnen. Name Email Message ich habe die&nbsp;Datenschutzerkl\u00e4rung&nbsp;gelesen und stimme zu Ich bin damit einverstanden, dass meine Kontaktdaten (Name, Adresse, Email-Adresse, Telefonnummer) von AUSZEIT Gerolzhofen gespeichert &hellip; <a href=\"https:\/\/auszeit-gerolzhofen.de\/?page_id=73\" class=\"more-link\">Continue reading<span class=\"screen-reader-text\"> &#8222;Kontakt&#8220;<\/span><\/a><\/p>\n","protected":false},"author":1,"featured_media":0,"parent":0,"menu_order":2,"comment_status":"closed","ping_status":"closed","template":"","meta":{"footnotes":""},"class_list":["post-73","page","type-page","status-publish","hentry"],"_links":{"self":[{"href":"https:\/\/auszeit-gerolzhofen.de\/index.php?rest_route=\/wp\/v2\/pages\/73","targetHints":{"allow":["GET"]}}],"collection":[{"href":"https:\/\/auszeit-gerolzhofen.de\/index.php?rest_route=\/wp\/v2\/pages"}],"about":[{"href":"https:\/\/auszeit-gerolzhofen.de\/index.php?rest_route=\/wp\/v2\/types\/page"}],"author":[{"embeddable":true,"href":"https:\/\/auszeit-gerolzhofen.de\/index.php?rest_route=\/wp\/v2\/users\/1"}],"replies":[{"embeddable":true,"href":"https:\/\/auszeit-gerolzhofen.de\/index.php?rest_route=%2Fwp%2Fv2%2Fcomments&post=73"}],"version-history":[{"count":3,"href":"https:\/\/auszeit-gerolzhofen.de\/index.php?rest_route=\/wp\/v2\/pages\/73\/revisions"}],"predecessor-version":[{"id":406,"href":"https:\/\/auszeit-gerolzhofen.de\/index.php?rest_route=\/wp\/v2\/pages\/73\/revisions\/406"}],"wp:attachment":[{"href":"https:\/\/auszeit-gerolzhofen.de\/index.php?rest_route=%2Fwp%2Fv2%2Fmedia&parent=73"}],"curies":[{"name":"wp","href":"https:\/\/api.w.org\/{rel}","templated":true}]}}