{"id":72,"date":"2022-08-15T19:19:41","date_gmt":"2022-08-15T19:19:41","guid":{"rendered":"https:\/\/auszeit-gerolzhofen.de\/index.php\/preise\/"},"modified":"2026-03-31T13:06:52","modified_gmt":"2026-03-31T13:06:52","slug":"preise","status":"publish","type":"page","link":"https:\/\/auszeit-gerolzhofen.de\/?page_id=72","title":{"rendered":"Preise"},"content":{"rendered":"\n    \n    <section class=\"u-clearfix u-image u-section-2\" id=\"carousel_8115\" data-image-width=\"1600\" data-image-height=\"677\" style=\"background-image: url(&quot;https:\/\/auszeit-gerolzhofen.de\/wp-content\/uploads\/2022\/08\/keyvisual.jpg?rand=c540&quot;);\">\n      <div class=\"u-clearfix u-sheet u-sheet-1\">\n        <div class=\"data-layout-selected u-clearfix u-gutter-0 u-layout-wrap u-layout-wrap-1\">\n          <div class=\"u-gutter-0 u-layout\">\n            <div class=\"u-layout-row\">\n              <div class=\"u-size-60\">\n                <div class=\"u-layout-col\">\n                  <div class=\"u-absolute-hcenter u-align-left u-border-no-bottom u-border-no-left u-border-no-right u-border-no-top u-container-align-left u-container-style u-expanded u-layout-cell u-opacity u-opacity-50 u-radius-50 u-right-cell u-shape-round u-size-60 u-white u-layout-cell-1\">\n                    <div class=\"u-container-layout u-container-layout-1\">\n                      <h2 class=\"u-text u-text-default u-text-palette-2-dark-2 u-text-1\">Preis\u00fcbersicht&nbsp;<\/h2>\n                      <h4 class=\"u-text u-text-default u-text-palette-2-dark-2 u-text-2\"> Stand: 04\/2026&nbsp;<\/h4>\n                      <p class=\"u-text u-text-palette-2-dark-2 u-text-3\"> Bei uns k\u00f6nnen Sie in Ruhe ausw\u00e4hlen und entscheiden.<br>Unsere Kurse finden in kleinen Gruppen und in einem Wohlf\u00fchl-Ambiente statt.<br>\n                        <br>Ein kurzer Anruf gen\u00fcgt.<br>\n                        <br>\n                      <\/p>\n                    <\/div>\n                  <\/div>\n                <\/div>\n              <\/div>\n            <\/div>\n          <\/div>\n        <\/div>\n      <\/div>\n    <\/section>\n    <section class=\"u-align-center u-clearfix u-container-align-center u-grey-25 u-section-3\" id=\"sec-b69e\">\n      <div class=\"u-clearfix u-sheet u-valign-middle-lg u-valign-middle-md u-valign-middle-xl u-sheet-1\">\n        <div class=\"u-expanded-width-xs u-table u-table-responsive u-table-1\">\n          <table class=\"u-table-entity u-table-entity-1\">\n            <colgroup>\n              <col width=\"30.88%\">\n              <col width=\"44.12%\">\n              <col width=\"25%\">\n            <\/colgroup>\n            <thead class=\"u-palette-1-base u-table-header u-table-header-1\">\n              <tr style=\"height: 76px;\">\n                <th class=\"u-table-cell\"> alle 60 min. Kurse:<\/th>\n                <th class=\"u-table-cell\">Ru\u0308ckenfit, Dehnen\/Faszientraining<\/th>\n                <th class=\"u-table-cell\"><\/th>\n              <\/tr>\n            <\/thead>\n            <tbody class=\"u-table-alt-palette-1-light-3 u-table-body u-table-body-1\">\n              <tr style=\"height: 26px;\">\n                <td class=\"u-table-cell\"><\/td>\n                <td class=\"u-table-cell\">&nbsp;<\/td>\n                <td class=\"u-table-cell\"><\/td>\n              <\/tr>\n              <tr style=\"height: 63px;\">\n                <td class=\"u-table-cell\"> Einzelkarte&nbsp;<\/td>\n                <td class=\"u-table-cell\">&nbsp;<\/td>\n                <td class=\"u-table-cell\"> 15,00 \u20ac&nbsp;<\/td>\n              <\/tr>\n              <tr style=\"height: 63px;\">\n                <td class=\"u-table-cell\"> 10er Karte&nbsp;<\/td>\n                <td class=\"u-table-cell\">6 Monate gu\u0308ltig <\/td>\n                <td class=\"u-table-cell\"> 139,00 \u20ac<\/td>\n              <\/tr>\n              <tr style=\"height: 40px;\">\n                <td class=\"u-palette-4-light-2 u-table-cell u-table-cell-13\">ABO<\/td>\n                <td class=\"u-palette-4-light-2 u-table-cell u-table-cell-14\">&nbsp;<\/td>\n                <td class=\"u-palette-4-light-2 u-table-cell u-table-cell-15\"><\/td>\n              <\/tr>\n              <tr style=\"height: 93px;\">\n                <td class=\"u-table-cell\">12 Monate <\/td>\n                <td class=\"u-table-cell\">1 Kurse\/Woche<\/td>\n                <td class=\"u-table-cell\">a 39,00 \u20ac&nbsp;<\/td>\n              <\/tr>\n              <tr style=\"height: 93px;\">\n                <td class=\"u-table-cell\">&nbsp;12 Monate&nbsp;<\/td>\n                <td class=\"u-table-cell\">2 Kurse\/Woche<\/td>\n                <td class=\"u-table-cell\">\u00e0 49,00 \u20ac&nbsp;<\/td>\n              <\/tr>\n              <tr style=\"height: 93px;\">\n                <td class=\"u-table-cell\">12 Monate<\/td>\n                <td class=\"u-table-cell\">unbegrenzte Teilnahme <\/td>\n                <td class=\"u-table-cell\">a 55,00 \u20ac <\/td>\n              <\/tr>\n            <\/tbody>\n          <\/table>\n        <\/div>\n      <\/div>\n    <\/section>\n    <section class=\"u-align-center u-clearfix u-container-align-center u-grey-25 u-section-4\" id=\"carousel_a519\">\n      <div class=\"u-clearfix u-sheet u-valign-middle-lg u-valign-middle-md u-valign-middle-xl u-sheet-1\">\n        <div class=\"u-expanded-width-xs u-table u-table-responsive u-table-1\">\n          <table class=\"u-table-entity u-table-entity-1\">\n            <colgroup>\n              <col width=\"31.95%\">\n              <col width=\"44.38%\">\n              <col width=\"23.67%\">\n            <\/colgroup>\n            <thead class=\"u-palette-1-base u-table-header u-table-header-1\">\n              <tr style=\"height: 70px;\">\n                <th class=\"u-table-cell\">Ger\u00e4tetraining <\/th>\n                <th class=\"u-table-cell\">inkl. individueller Befund + Trainingsplan <\/th>\n                <th class=\"u-table-cell\">T\u00e4glich 2 Stunden betreute Trainingsfl\u00e4che <\/th>\n              <\/tr>\n            <\/thead>\n            <tbody class=\"u-table-alt-palette-1-light-3 u-table-body u-table-body-1\">\n              <tr style=\"height: 25px;\">\n                <td class=\"u-table-cell\"> Einzelkarte&nbsp;<\/td>\n                <td class=\"u-table-cell\">&nbsp;<\/td>\n                <td class=\"u-table-cell\"> 15,00 \u20ac&nbsp;<\/td>\n              <\/tr>\n              <tr style=\"height: 45px;\">\n                <td class=\"u-grey-25 u-table-cell u-table-cell-7\">10er Karte<\/td>\n                <td class=\"u-grey-25 u-table-cell u-table-cell-8\">6 Monate g\u00fcltig<\/td>\n                <td class=\"u-grey-25 u-table-cell u-table-cell-9\">139,00 \u20ac<\/td>\n              <\/tr>\n              <tr style=\"height: 45px;\">\n                <td class=\"u-palette-4-light-2 u-table-cell u-table-cell-10\">ABO<\/td>\n                <td class=\"u-palette-4-light-2 u-table-cell u-table-cell-11\">&nbsp;<\/td>\n                <td class=\"u-palette-4-light-2 u-table-cell u-table-cell-12\"><\/td>\n              <\/tr>\n              <tr style=\"height: 25px;\">\n                <td class=\"u-table-cell\">&nbsp;12 Monate&nbsp;<\/td>\n                <td class=\"u-table-cell\">1 TrainingWoche<\/td>\n                <td class=\"u-table-cell\">&nbsp;\u00e0 39,00 \u20ac&nbsp;<\/td>\n              <\/tr>\n              <tr style=\"height: 45px;\">\n                <td class=\"u-table-cell\">&nbsp;12 Monate&nbsp;<\/td>\n                <td class=\"u-table-cell\">2 Training\/Woche<\/td>\n                <td class=\"u-table-cell\">&nbsp;\u00e0 49,00 \u20ac&nbsp;<\/td>\n              <\/tr>\n              <tr style=\"height: 45px;\">\n                <td class=\"u-table-cell\">12 Monate <\/td>\n                <td class=\"u-table-cell\">Training unbegrenzt<\/td>\n                <td class=\"u-table-cell\"> a 55,00 \u20ac<\/td>\n              <\/tr>\n            <\/tbody>\n          <\/table>\n        <\/div>\n      <\/div>\n    <\/section>\n    <section class=\"u-align-center u-clearfix u-container-align-center u-grey-25 u-section-5\" id=\"carousel_9b39\">\n      <div class=\"u-clearfix u-sheet u-valign-middle u-sheet-1\">\n        <div class=\"u-expanded-width-xs u-table u-table-responsive u-table-1\">\n          <table class=\"u-table-entity u-table-entity-1\">\n            <colgroup>\n              <col width=\"31.45%\">\n              <col width=\"44.88%\">\n              <col width=\"23.67%\">\n            <\/colgroup>\n            <thead class=\"u-palette-1-base u-table-header u-table-header-1\">\n              <tr style=\"height: 71px;\">\n                <th class=\"u-table-cell\">Premium Abo<\/th>\n                <th class=\"u-table-cell\">&nbsp;\u200b\n\u200b\nAll in One <\/th>\n                <th class=\"u-table-cell\"><\/th>\n              <\/tr>\n            <\/thead>\n            <tbody class=\"u-table-alt-palette-1-light-3 u-table-body u-table-body-1\">\n              <tr style=\"height: 45px;\">\n                <td class=\"u-table-cell\">&nbsp;12 Monate&nbsp;<\/td>\n                <td class=\"u-table-cell\">freie Kurswahl und freie Benutzung Ger\u00e4teraum<\/td>\n                <td class=\"u-table-cell\">&nbsp;\u00e0 59,00 \u20ac&nbsp;<\/td>\n              <\/tr>\n            <\/tbody>\n          <\/table>\n        <\/div>\n      <\/div>\n    <\/section>\n    \n    \n    \n  \n","protected":false},"excerpt":{"rendered":"<p>Preis\u00fcbersicht&nbsp; Stand: 04\/2026&nbsp; Bei uns k\u00f6nnen Sie in Ruhe ausw\u00e4hlen und entscheiden.Unsere Kurse finden in kleinen Gruppen und in einem Wohlf\u00fchl-Ambiente statt. Ein kurzer Anruf gen\u00fcgt. alle 60 min. Kurse: Ru\u0308ckenfit, Dehnen\/Faszientraining &nbsp; Einzelkarte&nbsp; &nbsp; 15,00 \u20ac&nbsp; 10er Karte&nbsp; 6 Monate gu\u0308ltig 139,00 \u20ac ABO &nbsp; 12 Monate 1 Kurse\/Woche a 39,00 \u20ac&nbsp; &nbsp;12 Monate&nbsp; &hellip; <a href=\"https:\/\/auszeit-gerolzhofen.de\/?page_id=72\" class=\"more-link\">Continue reading<span class=\"screen-reader-text\"> &#8222;Preise&#8220;<\/span><\/a><\/p>\n","protected":false},"author":1,"featured_media":0,"parent":0,"menu_order":1,"comment_status":"closed","ping_status":"closed","template":"","meta":{"footnotes":""},"class_list":["post-72","page","type-page","status-publish","hentry"],"_links":{"self":[{"href":"https:\/\/auszeit-gerolzhofen.de\/index.php?rest_route=\/wp\/v2\/pages\/72","targetHints":{"allow":["GET"]}}],"collection":[{"href":"https:\/\/auszeit-gerolzhofen.de\/index.php?rest_route=\/wp\/v2\/pages"}],"about":[{"href":"https:\/\/auszeit-gerolzhofen.de\/index.php?rest_route=\/wp\/v2\/types\/page"}],"author":[{"embeddable":true,"href":"https:\/\/auszeit-gerolzhofen.de\/index.php?rest_route=\/wp\/v2\/users\/1"}],"replies":[{"embeddable":true,"href":"https:\/\/auszeit-gerolzhofen.de\/index.php?rest_route=%2Fwp%2Fv2%2Fcomments&post=72"}],"version-history":[{"count":11,"href":"https:\/\/auszeit-gerolzhofen.de\/index.php?rest_route=\/wp\/v2\/pages\/72\/revisions"}],"predecessor-version":[{"id":425,"href":"https:\/\/auszeit-gerolzhofen.de\/index.php?rest_route=\/wp\/v2\/pages\/72\/revisions\/425"}],"wp:attachment":[{"href":"https:\/\/auszeit-gerolzhofen.de\/index.php?rest_route=%2Fwp%2Fv2%2Fmedia&parent=72"}],"curies":[{"name":"wp","href":"https:\/\/api.w.org\/{rel}","templated":true}]}}